{"id":998,"date":"2025-02-19T17:41:15","date_gmt":"2025-02-19T16:41:15","guid":{"rendered":"https:\/\/www.nikosguitars.com\/?page_id=998"},"modified":"2025-02-19T17:41:15","modified_gmt":"2025-02-19T16:41:15","slug":"politique-de-confidentialite","status":"publish","type":"page","link":"https:\/\/www.nikosguitars.com\/en\/politique-de-confidentialite\/","title":{"rendered":"Privacy Policy"},"content":{"rendered":"<h2 class=\"wp-block-heading\">Who are we ?<\/h2>\r\n\r\n\r\n\r\n<p>Our website address is: https:\/\/www.nikosguitars.com.<\/p>\r\n\r\n\r\n\r\n\r\n\r\n\r\n\r\n<h2 class=\"wp-block-heading\">Cookies<\/h2>\r\n\r\n\r\n\r\n<p>This site is a showcase, we do not collect any information about visitors.<\/p>\r\n\r\n\r\n\r\n<h2 class=\"wp-block-heading\">Embedded content from other sites<\/h2>\r\n\r\n\r\n\r\n<p>Articles on this site may include embedded content (e.g. videos, images, articles, etc.). Embedded content from other websites behaves in the exact same way as if the visitor has visited the other website.<\/p>\r\n\r\n\r\n\r\n<p>These websites may collect data about you, use cookies, embed additional third-party tracking, and monitor your interaction with that embedded content, including tracking your interaction with the embedded content if you have an account and are logged in to that website.<\/p>\r\n\r\n\r\n\r\n<h2 class=\"wp-block-heading\">Use and transmission of your personal data<\/h2>\r\n\r\n\r\n\r\n<p>This site is a showcase, we do not collect any information about visitors.<\/p>\r\n\r\n\r\n\r\n<h2 class=\"wp-block-heading\">Storage durations of your data<\/h2>\r\n\r\n\r\n\r\n<p>This site is a showcase, we do not collect any information about visitors.<\/p>\r\n\r\n\r\n\r\n\r\n\r\n<h2 class=\"wp-block-heading\">Where your data is sent<\/h2>\r\n\r\n\r\n\r\n<p>This site is a showcase, we do not collect any information about visitors.<\/p>\r\n\r\n<p>&nbsp;<\/p>","protected":false},"excerpt":{"rendered":"<p>Qui sommes-nous\u00a0? L\u2019adresse de notre site est : https:\/\/www.nikosguitars.com. Cookies Ce site est une vitrine, nous ne r\u00e9coltons aucune information concernant les visiteurs. Contenu embarqu\u00e9 depuis d\u2019autres sites Les articles de ce site peuvent inclure des contenus int\u00e9gr\u00e9s (par exemple des vid\u00e9os, images, articles\u2026). Le contenu int\u00e9gr\u00e9 depuis d\u2019autres sites se comporte de la m\u00eame [&hellip;]<\/p>\n","protected":false},"author":3,"featured_media":0,"parent":0,"menu_order":0,"comment_status":"closed","ping_status":"closed","template":"","meta":{"_acf_changed":false,"footnotes":""},"class_list":["post-998","page","type-page","status-publish","hentry"],"acf":[],"yoast_head":"<!-- This site is optimized with the Yoast SEO plugin v27.4 - https:\/\/yoast.com\/product\/yoast-seo-wordpress\/ -->\n<title>Politique de confidentialit\u00e9 - Niko&#039;s Guitars<\/title>\n<meta name=\"robots\" content=\"index, follow, max-snippet:-1, max-image-preview:large, max-video-preview:-1\" \/>\n<link rel=\"canonical\" href=\"https:\/\/www.nikosguitars.com\/en\/politique-de-confidentialite\/\" \/>\n<meta property=\"og:locale\" content=\"en_GB\" \/>\n<meta property=\"og:type\" content=\"article\" \/>\n<meta property=\"og:title\" content=\"Politique de confidentialit\u00e9 - Niko&#039;s Guitars\" \/>\n<meta property=\"og:description\" content=\"Qui sommes-nous\u00a0? L\u2019adresse de notre site est : https:\/\/www.nikosguitars.com. Cookies Ce site est une vitrine, nous ne r\u00e9coltons aucune information concernant les visiteurs. Contenu embarqu\u00e9 depuis d\u2019autres sites Les articles de ce site peuvent inclure des contenus int\u00e9gr\u00e9s (par exemple des vid\u00e9os, images, articles\u2026). Le contenu int\u00e9gr\u00e9 depuis d\u2019autres sites se comporte de la m\u00eame [&hellip;]\" \/>\n<meta property=\"og:url\" content=\"https:\/\/www.nikosguitars.com\/en\/politique-de-confidentialite\/\" \/>\n<meta property=\"og:site_name\" content=\"Niko&#039;s Guitars\" \/>\n<meta property=\"article:publisher\" content=\"https:\/\/www.facebook.com\/NikoSlashFr\" \/>\n<meta name=\"twitter:card\" content=\"summary_large_image\" \/>\n<meta name=\"twitter:label1\" content=\"Estimated reading time\" \/>\n\t<meta name=\"twitter:data1\" content=\"1 minute\" \/>\n<script type=\"application\/ld+json\" class=\"yoast-schema-graph\">{\"@context\":\"https:\\\/\\\/schema.org\",\"@graph\":[{\"@type\":\"WebPage\",\"@id\":\"https:\\\/\\\/www.nikosguitars.com\\\/politique-de-confidentialite\\\/\",\"url\":\"https:\\\/\\\/www.nikosguitars.com\\\/politique-de-confidentialite\\\/\",\"name\":\"Politique de confidentialit\u00e9 - Niko&#039;s Guitars\",\"isPartOf\":{\"@id\":\"https:\\\/\\\/www.nikosguitars.com\\\/#website\"},\"datePublished\":\"2025-02-19T16:41:15+00:00\",\"breadcrumb\":{\"@id\":\"https:\\\/\\\/www.nikosguitars.com\\\/politique-de-confidentialite\\\/#breadcrumb\"},\"inLanguage\":\"en-GB\",\"potentialAction\":[{\"@type\":\"ReadAction\",\"target\":[\"https:\\\/\\\/www.nikosguitars.com\\\/politique-de-confidentialite\\\/\"]}]},{\"@type\":\"BreadcrumbList\",\"@id\":\"https:\\\/\\\/www.nikosguitars.com\\\/politique-de-confidentialite\\\/#breadcrumb\",\"itemListElement\":[{\"@type\":\"ListItem\",\"position\":1,\"name\":\"Accueil\",\"item\":\"https:\\\/\\\/www.nikosguitars.com\\\/\"},{\"@type\":\"ListItem\",\"position\":2,\"name\":\"Politique de confidentialit\u00e9\"}]},{\"@type\":\"WebSite\",\"@id\":\"https:\\\/\\\/www.nikosguitars.com\\\/#website\",\"url\":\"https:\\\/\\\/www.nikosguitars.com\\\/\",\"name\":\"Niko's Guitars\",\"description\":\"Rare &amp; Selected Instruments\",\"publisher\":{\"@id\":\"https:\\\/\\\/www.nikosguitars.com\\\/#organization\"},\"potentialAction\":[{\"@type\":\"SearchAction\",\"target\":{\"@type\":\"EntryPoint\",\"urlTemplate\":\"https:\\\/\\\/www.nikosguitars.com\\\/?s={search_term_string}\"},\"query-input\":{\"@type\":\"PropertyValueSpecification\",\"valueRequired\":true,\"valueName\":\"search_term_string\"}}],\"inLanguage\":\"en-GB\"},{\"@type\":\"Organization\",\"@id\":\"https:\\\/\\\/www.nikosguitars.com\\\/#organization\",\"name\":\"Niko's Guitars\",\"url\":\"https:\\\/\\\/www.nikosguitars.com\\\/\",\"logo\":{\"@type\":\"ImageObject\",\"inLanguage\":\"en-GB\",\"@id\":\"https:\\\/\\\/www.nikosguitars.com\\\/#\\\/schema\\\/logo\\\/image\\\/\",\"url\":\"https:\\\/\\\/www.nikosguitars.com\\\/wp-content\\\/uploads\\\/2024\\\/12\\\/logo-no-guitar.jpeg\",\"contentUrl\":\"https:\\\/\\\/www.nikosguitars.com\\\/wp-content\\\/uploads\\\/2024\\\/12\\\/logo-no-guitar.jpeg\",\"width\":644,\"height\":328,\"caption\":\"Niko's Guitars\"},\"image\":{\"@id\":\"https:\\\/\\\/www.nikosguitars.com\\\/#\\\/schema\\\/logo\\\/image\\\/\"},\"sameAs\":[\"https:\\\/\\\/www.facebook.com\\\/NikoSlashFr\",\"https:\\\/\\\/www.instagram.com\\\/nikoslashofficial\\\/\"]}]}<\/script>\n<!-- \/ Yoast SEO plugin. -->","yoast_head_json":{"title":"Politique de confidentialit\u00e9 - Niko&#039;s Guitars","robots":{"index":"index","follow":"follow","max-snippet":"max-snippet:-1","max-image-preview":"max-image-preview:large","max-video-preview":"max-video-preview:-1"},"canonical":"https:\/\/www.nikosguitars.com\/en\/politique-de-confidentialite\/","og_locale":"en_GB","og_type":"article","og_title":"Politique de confidentialit\u00e9 - Niko&#039;s Guitars","og_description":"Qui sommes-nous\u00a0? L\u2019adresse de notre site est : https:\/\/www.nikosguitars.com. Cookies Ce site est une vitrine, nous ne r\u00e9coltons aucune information concernant les visiteurs. Contenu embarqu\u00e9 depuis d\u2019autres sites Les articles de ce site peuvent inclure des contenus int\u00e9gr\u00e9s (par exemple des vid\u00e9os, images, articles\u2026). Le contenu int\u00e9gr\u00e9 depuis d\u2019autres sites se comporte de la m\u00eame [&hellip;]","og_url":"https:\/\/www.nikosguitars.com\/en\/politique-de-confidentialite\/","og_site_name":"Niko&#039;s Guitars","article_publisher":"https:\/\/www.facebook.com\/NikoSlashFr","twitter_card":"summary_large_image","twitter_misc":{"Estimated reading time":"1 minute"},"schema":{"@context":"https:\/\/schema.org","@graph":[{"@type":"WebPage","@id":"https:\/\/www.nikosguitars.com\/politique-de-confidentialite\/","url":"https:\/\/www.nikosguitars.com\/politique-de-confidentialite\/","name":"Politique de confidentialit\u00e9 - Niko&#039;s Guitars","isPartOf":{"@id":"https:\/\/www.nikosguitars.com\/#website"},"datePublished":"2025-02-19T16:41:15+00:00","breadcrumb":{"@id":"https:\/\/www.nikosguitars.com\/politique-de-confidentialite\/#breadcrumb"},"inLanguage":"en-GB","potentialAction":[{"@type":"ReadAction","target":["https:\/\/www.nikosguitars.com\/politique-de-confidentialite\/"]}]},{"@type":"BreadcrumbList","@id":"https:\/\/www.nikosguitars.com\/politique-de-confidentialite\/#breadcrumb","itemListElement":[{"@type":"ListItem","position":1,"name":"Accueil","item":"https:\/\/www.nikosguitars.com\/"},{"@type":"ListItem","position":2,"name":"Politique de confidentialit\u00e9"}]},{"@type":"WebSite","@id":"https:\/\/www.nikosguitars.com\/#website","url":"https:\/\/www.nikosguitars.com\/","name":"Niko's Guitars","description":"Rare &amp; Selected Instruments","publisher":{"@id":"https:\/\/www.nikosguitars.com\/#organization"},"potentialAction":[{"@type":"SearchAction","target":{"@type":"EntryPoint","urlTemplate":"https:\/\/www.nikosguitars.com\/?s={search_term_string}"},"query-input":{"@type":"PropertyValueSpecification","valueRequired":true,"valueName":"search_term_string"}}],"inLanguage":"en-GB"},{"@type":"Organization","@id":"https:\/\/www.nikosguitars.com\/#organization","name":"Niko's Guitars","url":"https:\/\/www.nikosguitars.com\/","logo":{"@type":"ImageObject","inLanguage":"en-GB","@id":"https:\/\/www.nikosguitars.com\/#\/schema\/logo\/image\/","url":"https:\/\/www.nikosguitars.com\/wp-content\/uploads\/2024\/12\/logo-no-guitar.jpeg","contentUrl":"https:\/\/www.nikosguitars.com\/wp-content\/uploads\/2024\/12\/logo-no-guitar.jpeg","width":644,"height":328,"caption":"Niko's Guitars"},"image":{"@id":"https:\/\/www.nikosguitars.com\/#\/schema\/logo\/image\/"},"sameAs":["https:\/\/www.facebook.com\/NikoSlashFr","https:\/\/www.instagram.com\/nikoslashofficial\/"]}]}},"jetpack_sharing_enabled":true,"_links":{"self":[{"href":"https:\/\/www.nikosguitars.com\/en\/wp-json\/wp\/v2\/pages\/998","targetHints":{"allow":["GET"]}}],"collection":[{"href":"https:\/\/www.nikosguitars.com\/en\/wp-json\/wp\/v2\/pages"}],"about":[{"href":"https:\/\/www.nikosguitars.com\/en\/wp-json\/wp\/v2\/types\/page"}],"author":[{"embeddable":true,"href":"https:\/\/www.nikosguitars.com\/en\/wp-json\/wp\/v2\/users\/3"}],"replies":[{"embeddable":true,"href":"https:\/\/www.nikosguitars.com\/en\/wp-json\/wp\/v2\/comments?post=998"}],"version-history":[{"count":1,"href":"https:\/\/www.nikosguitars.com\/en\/wp-json\/wp\/v2\/pages\/998\/revisions"}],"predecessor-version":[{"id":999,"href":"https:\/\/www.nikosguitars.com\/en\/wp-json\/wp\/v2\/pages\/998\/revisions\/999"}],"wp:attachment":[{"href":"https:\/\/www.nikosguitars.com\/en\/wp-json\/wp\/v2\/media?parent=998"}],"curies":[{"name":"wp","href":"https:\/\/api.w.org\/{rel}","templated":true}]}}