{"id":553,"date":"2025-01-24T10:45:11","date_gmt":"2025-01-24T09:45:11","guid":{"rendered":"https:\/\/www.nikosguitars.com\/?page_id=553"},"modified":"2025-02-25T09:02:01","modified_gmt":"2025-02-25T08:02:01","slug":"services","status":"publish","type":"page","link":"https:\/\/www.nikosguitars.com\/en\/services\/","title":{"rendered":"Services"},"content":{"rendered":"<div data-elementor-type=\"wp-page\" data-elementor-id=\"553\" class=\"elementor elementor-553\" data-elementor-post-type=\"page\">\n\t\t\t\t\t\t<section class=\"elementor-section elementor-top-section elementor-element elementor-element-2a37cc7 elementor-section-height-min-height elementor-section-boxed elementor-section-height-default elementor-section-items-middle\" data-id=\"2a37cc7\" data-element_type=\"section\" data-e-type=\"section\" data-settings=\"{&quot;background_background&quot;:&quot;classic&quot;}\">\n\t\t\t\t\t\t\t<div class=\"elementor-background-overlay\"><\/div>\n\t\t\t\t\t\t\t<div class=\"elementor-container elementor-column-gap-default\">\n\t\t\t\t\t<div class=\"elementor-column elementor-col-100 elementor-top-column elementor-element elementor-element-3b81597\" data-id=\"3b81597\" data-element_type=\"column\" data-e-type=\"column\">\n\t\t\t<div class=\"elementor-widget-wrap elementor-element-populated\">\n\t\t\t\t\t\t<div class=\"elementor-element elementor-element-4d2ff3e elementor-widget-divider--view-line elementor-widget elementor-widget-divider\" data-id=\"4d2ff3e\" data-element_type=\"widget\" data-e-type=\"widget\" data-widget_type=\"divider.default\">\n\t\t\t\t<div class=\"elementor-widget-container\">\n\t\t\t\t\t\t\t<div class=\"elementor-divider\">\n\t\t\t<span class=\"elementor-divider-separator\">\n\t\t\t\t\t\t<\/span>\n\t\t<\/div>\n\t\t\t\t\t\t<\/div>\n\t\t\t\t<\/div>\n\t\t\t\t<div class=\"elementor-element elementor-element-cf18d8d elementor-invisible elementor-widget elementor-widget-heading\" data-id=\"cf18d8d\" data-element_type=\"widget\" data-e-type=\"widget\" data-settings=\"{&quot;_animation&quot;:&quot;fadeInDown&quot;}\" data-widget_type=\"heading.default\">\n\t\t\t\t<div class=\"elementor-widget-container\">\n\t\t\t\t\t<h2 class=\"elementor-heading-title elementor-size-default\">A simple guitar seller ? Not at Niko's Guitars...<\/h2>\t\t\t\t<\/div>\n\t\t\t\t<\/div>\n\t\t\t\t<div class=\"elementor-element elementor-element-3433476 elementor-invisible elementor-widget elementor-widget-heading\" data-id=\"3433476\" data-element_type=\"widget\" data-e-type=\"widget\" data-settings=\"{&quot;_animation&quot;:&quot;fadeIn&quot;}\" data-widget_type=\"heading.default\">\n\t\t\t\t<div class=\"elementor-widget-container\">\n\t\t\t\t\t<h2 class=\"elementor-heading-title elementor-size-default\">Personalized Services for All Your Used Instrument Needs<\/h2>\t\t\t\t<\/div>\n\t\t\t\t<\/div>\n\t\t\t\t<div class=\"elementor-element elementor-element-c271294 elementor-widget__width-initial elementor-invisible elementor-widget elementor-widget-text-editor\" data-id=\"c271294\" data-element_type=\"widget\" data-e-type=\"widget\" data-settings=\"{&quot;_animation&quot;:&quot;fadeIn&quot;}\" data-widget_type=\"text-editor.default\">\n\t\t\t\t<div class=\"elementor-widget-container\">\n\t\t\t\t\t\t\t\t\t<p>At Niko\u2019s Guitars, we make it a point of honor to offer a unique online shopping experience, where passion and expertise combine to satisfy all music lovers.<\/p>\t\t\t\t\t\t\t\t<\/div>\n\t\t\t\t<\/div>\n\t\t\t\t<div class=\"elementor-element elementor-element-612a873 elementor-align-center elementor-mobile-align-justify elementor-invisible elementor-widget elementor-widget-button\" data-id=\"612a873\" data-element_type=\"widget\" data-e-type=\"widget\" data-settings=\"{&quot;_animation&quot;:&quot;fadeInUp&quot;}\" data-widget_type=\"button.default\">\n\t\t\t\t<div class=\"elementor-widget-container\">\n\t\t\t\t\t\t\t\t\t<div class=\"elementor-button-wrapper\">\n\t\t\t\t\t<a class=\"elementor-button elementor-button-link elementor-size-sm elementor-animation-grow\" href=\"https:\/\/www.nikosguitars.com\/en\/contact\/\">\n\t\t\t\t\t\t<span class=\"elementor-button-content-wrapper\">\n\t\t\t\t\t\t<span class=\"elementor-button-icon\">\n\t\t\t\t<svg aria-hidden=\"true\" class=\"e-font-icon-svg e-far-paper-plane\" viewbox=\"0 0 512 512\" xmlns=\"http:\/\/www.w3.org\/2000\/svg\"><path d=\"M440 6.5L24 246.4c-34.4 19.9-31.1 70.8 5.7 85.9L144 379.6V464c0 46.4 59.2 65.5 86.6 28.6l43.8-59.1 111.9 46.2c5.9 2.4 12.1 3.6 18.3 3.6 8.2 0 16.3-2.1 23.6-6.2 12.8-7.2 21.6-20 23.9-34.5l59.4-387.2c6.1-40.1-36.9-68.8-71.5-48.9zM192 464v-64.6l36.6 15.1L192 464zm212.6-28.7l-153.8-63.5L391 169.5c10.7-15.5-9.5-33.5-23.7-21.2L155.8 332.6 48 288 464 48l-59.4 387.3z\"><\/path><\/svg>\t\t\t<\/span>\n\t\t\t\t\t\t\t\t\t<span class=\"elementor-button-text\">Contact us<\/span>\n\t\t\t\t\t<\/span>\n\t\t\t\t\t<\/a>\n\t\t\t\t<\/div>\n\t\t\t\t\t\t\t\t<\/div>\n\t\t\t\t<\/div>\n\t\t\t\t\t<\/div>\n\t\t<\/div>\n\t\t\t\t\t<\/div>\n\t\t<\/section>\n\t\t\t\t<section class=\"elementor-section elementor-top-section elementor-element elementor-element-3828980 elementor-section-content-middle elementor-section-boxed elementor-section-height-default elementor-section-height-default\" data-id=\"3828980\" data-element_type=\"section\" data-e-type=\"section\" data-settings=\"{&quot;background_background&quot;:&quot;classic&quot;}\">\n\t\t\t\t\t\t<div class=\"elementor-container elementor-column-gap-default\">\n\t\t\t\t\t<div class=\"elementor-column elementor-col-50 elementor-top-column elementor-element elementor-element-caa5721\" data-id=\"caa5721\" data-element_type=\"column\" data-e-type=\"column\">\n\t\t\t<div class=\"elementor-widget-wrap elementor-element-populated\">\n\t\t\t\t\t\t<div class=\"elementor-element elementor-element-1c782b2 elementor-invisible elementor-widget elementor-widget-heading\" data-id=\"1c782b2\" data-element_type=\"widget\" data-e-type=\"widget\" data-settings=\"{&quot;_animation&quot;:&quot;fadeIn&quot;}\" data-widget_type=\"heading.default\">\n\t\t\t\t<div class=\"elementor-widget-container\">\n\t\t\t\t\t<h2 class=\"elementor-heading-title elementor-size-default\">Sale of Pre owned Instruments<\/h2>\t\t\t\t<\/div>\n\t\t\t\t<\/div>\n\t\t\t\t<div class=\"elementor-element elementor-element-9e92589 elementor-widget-divider--view-line elementor-widget elementor-widget-divider\" data-id=\"9e92589\" data-element_type=\"widget\" data-e-type=\"widget\" data-widget_type=\"divider.default\">\n\t\t\t\t<div class=\"elementor-widget-container\">\n\t\t\t\t\t\t\t<div class=\"elementor-divider\">\n\t\t\t<span class=\"elementor-divider-separator\">\n\t\t\t\t\t\t<\/span>\n\t\t<\/div>\n\t\t\t\t\t\t<\/div>\n\t\t\t\t<\/div>\n\t\t\t\t<div class=\"elementor-element elementor-element-9839ea3 elementor-widget__width-inherit elementor-invisible elementor-widget elementor-widget-text-editor\" data-id=\"9839ea3\" data-element_type=\"widget\" data-e-type=\"widget\" data-settings=\"{&quot;_animation&quot;:&quot;fadeIn&quot;}\" data-widget_type=\"text-editor.default\">\n\t\t\t\t<div class=\"elementor-widget-container\">\n\t\t\t\t\t\t\t\t\t<p>Nous vous proposons une s\u00e9lection rigoureuse d&#8217;instruments \u2013 guitares, amplis, p\u00e9dales, et bien plus \u2013 tous v\u00e9rifi\u00e9s pour leur authenticit\u00e9 et leur histoire. Chaque pi\u00e8ce est soigneusement inspect\u00e9e pour garantir sa qualit\u00e9, afin que vous puissiez acqu\u00e9rir l&#8217;instrument qui vous correspond vraiment.<\/p>\t\t\t\t\t\t\t\t<\/div>\n\t\t\t\t<\/div>\n\t\t\t\t<div class=\"elementor-element elementor-element-3715adb elementor-widget-tablet__width-initial elementor-invisible elementor-widget elementor-widget-heading\" data-id=\"3715adb\" data-element_type=\"widget\" data-e-type=\"widget\" data-settings=\"{&quot;_animation&quot;:&quot;fadeIn&quot;}\" data-widget_type=\"heading.default\">\n\t\t\t\t<div class=\"elementor-widget-container\">\n\t\t\t\t\t<h2 class=\"elementor-heading-title elementor-size-default\">Search for Instruments<\/h2>\t\t\t\t<\/div>\n\t\t\t\t<\/div>\n\t\t\t\t<div class=\"elementor-element elementor-element-825cbe9 elementor-widget__width-inherit elementor-invisible elementor-widget elementor-widget-text-editor\" data-id=\"825cbe9\" data-element_type=\"widget\" data-e-type=\"widget\" data-settings=\"{&quot;_animation&quot;:&quot;fadeIn&quot;}\" data-widget_type=\"text-editor.default\">\n\t\t\t\t<div class=\"elementor-widget-container\">\n\t\t\t\t\t\t\t\t\t<p>Chez Niko&#8217;s Guitars, nous disposons d&#8217;un r\u00e9seau nous permettant de trouver la perle rare dont vous avez toujours r\u00eav\u00e9. Une couleur en particulier, une ann\u00e9e, un mod\u00e8le ? Demandez-nous, nous ferons notre maximum pour vous d\u00e9nicher cette p\u00e9pite au meilleur prix.<\/p>\t\t\t\t\t\t\t\t<\/div>\n\t\t\t\t<\/div>\n\t\t\t\t<div class=\"elementor-element elementor-element-ddedbcc elementor-widget-tablet__width-initial elementor-invisible elementor-widget elementor-widget-heading\" data-id=\"ddedbcc\" data-element_type=\"widget\" data-e-type=\"widget\" data-settings=\"{&quot;_animation&quot;:&quot;fadeIn&quot;}\" data-widget_type=\"heading.default\">\n\t\t\t\t<div class=\"elementor-widget-container\">\n\t\t\t\t\t<h2 class=\"elementor-heading-title elementor-size-default\">Securing Transactions<\/h2>\t\t\t\t<\/div>\n\t\t\t\t<\/div>\n\t\t\t\t<div class=\"elementor-element elementor-element-3365d30 elementor-widget__width-inherit elementor-invisible elementor-widget elementor-widget-text-editor\" data-id=\"3365d30\" data-element_type=\"widget\" data-e-type=\"widget\" data-settings=\"{&quot;_animation&quot;:&quot;fadeIn&quot;}\" data-widget_type=\"text-editor.default\">\n\t\t\t\t<div class=\"elementor-widget-container\">\n\t\t\t\t\t\t\t\t\t<p>La s\u00e9curit\u00e9 est au c\u0153ur de notre d\u00e9marche. Nous assurons un processus de vente et de paiement totalement s\u00e9curis\u00e9, vous permettant ainsi d&#8217;acheter en toute confiance, quel que soit votre profil de musicien.<\/p>\t\t\t\t\t\t\t\t<\/div>\n\t\t\t\t<\/div>\n\t\t\t\t<div class=\"elementor-element elementor-element-dee8586 elementor-invisible elementor-widget elementor-widget-heading\" data-id=\"dee8586\" data-element_type=\"widget\" data-e-type=\"widget\" data-settings=\"{&quot;_animation&quot;:&quot;fadeIn&quot;}\" data-widget_type=\"heading.default\">\n\t\t\t\t<div class=\"elementor-widget-container\">\n\t\t\t\t\t<h2 class=\"elementor-heading-title elementor-size-default\">Customization and Flexibility<\/h2>\t\t\t\t<\/div>\n\t\t\t\t<\/div>\n\t\t\t\t<div class=\"elementor-element elementor-element-62d2a67 elementor-widget__width-inherit elementor-invisible elementor-widget elementor-widget-text-editor\" data-id=\"62d2a67\" data-element_type=\"widget\" data-e-type=\"widget\" data-settings=\"{&quot;_animation&quot;:&quot;fadeIn&quot;}\" data-widget_type=\"text-editor.default\">\n\t\t\t\t<div class=\"elementor-widget-container\">\n\t\t\t\t\t\t\t\t\t<p>Chez Niko&#8217;s Guitars, chaque transaction b\u00e9n\u00e9ficie d&#8217;une attention particuli\u00e8re. Nous proposons une base de services incluant la vente et la s\u00e9curisation, avec la possibilit\u00e9 d&#8217;options payantes pour des services suppl\u00e9mentaires, tels que la r\u00e9cup\u00e9ration ou la livraison en main propre. Sur simple demande, vous pouvez obtenir un devis personnalis\u00e9 adapt\u00e9 \u00e0 vos besoins.<\/p>\t\t\t\t\t\t\t\t<\/div>\n\t\t\t\t<\/div>\n\t\t\t\t<div class=\"elementor-element elementor-element-f5fce16 elementor-invisible elementor-widget elementor-widget-heading\" data-id=\"f5fce16\" data-element_type=\"widget\" data-e-type=\"widget\" data-settings=\"{&quot;_animation&quot;:&quot;fadeIn&quot;}\" data-widget_type=\"heading.default\">\n\t\t\t\t<div class=\"elementor-widget-container\">\n\t\t\t\t\t<h2 class=\"elementor-heading-title elementor-size-default\">Total Accessibility<\/h2>\t\t\t\t<\/div>\n\t\t\t\t<\/div>\n\t\t\t\t<div class=\"elementor-element elementor-element-e3567a6 elementor-widget__width-inherit elementor-invisible elementor-widget elementor-widget-text-editor\" data-id=\"e3567a6\" data-element_type=\"widget\" data-e-type=\"widget\" data-settings=\"{&quot;_animation&quot;:&quot;fadeIn&quot;}\" data-widget_type=\"text-editor.default\">\n\t\t\t\t<div class=\"elementor-widget-container\">\n\t\t\t\t\t\t\t\t\t<p>We operate exclusively online, ensuring optimum accessibility to all enthusiasts, anywhere in the world. However, if you prefer, collection or hand delivery can be arranged to suit your specific requirements.<\/p>\t\t\t\t\t\t\t\t<\/div>\n\t\t\t\t<\/div>\n\t\t\t\t<div class=\"elementor-element elementor-element-7ed127d elementor-align-left elementor-mobile-align-justify elementor-invisible elementor-widget elementor-widget-button\" data-id=\"7ed127d\" data-element_type=\"widget\" data-e-type=\"widget\" data-settings=\"{&quot;_animation&quot;:&quot;fadeInUp&quot;}\" data-widget_type=\"button.default\">\n\t\t\t\t<div class=\"elementor-widget-container\">\n\t\t\t\t\t\t\t\t\t<div class=\"elementor-button-wrapper\">\n\t\t\t\t\t<a class=\"elementor-button elementor-button-link elementor-size-sm elementor-animation-grow\" href=\"\/en\/shop\/\">\n\t\t\t\t\t\t<span class=\"elementor-button-content-wrapper\">\n\t\t\t\t\t\t<span class=\"elementor-button-icon\">\n\t\t\t\t<svg aria-hidden=\"true\" class=\"e-font-icon-svg e-far-arrow-alt-circle-right\" viewbox=\"0 0 512 512\" xmlns=\"http:\/\/www.w3.org\/2000\/svg\"><path d=\"M504 256C504 119 393 8 256 8S8 119 8 256s111 248 248 248 248-111 248-248zm-448 0c0-110.5 89.5-200 200-200s200 89.5 200 200-89.5 200-200 200S56 366.5 56 256zm72 20v-40c0-6.6 5.4-12 12-12h116v-67c0-10.7 12.9-16 20.5-8.5l99 99c4.7 4.7 4.7 12.3 0 17l-99 99c-7.6 7.6-20.5 2.2-20.5-8.5v-67H140c-6.6 0-12-5.4-12-12z\"><\/path><\/svg>\t\t\t<\/span>\n\t\t\t\t\t\t\t\t\t<span class=\"elementor-button-text\">Our guitars<\/span>\n\t\t\t\t\t<\/span>\n\t\t\t\t\t<\/a>\n\t\t\t\t<\/div>\n\t\t\t\t\t\t\t\t<\/div>\n\t\t\t\t<\/div>\n\t\t\t\t\t<\/div>\n\t\t<\/div>\n\t\t\t\t<div class=\"elementor-column elementor-col-50 elementor-top-column elementor-element elementor-element-ebcf79a elementor-hidden-tablet elementor-hidden-mobile\" data-id=\"ebcf79a\" data-element_type=\"column\" data-e-type=\"column\">\n\t\t\t<div class=\"elementor-widget-wrap elementor-element-populated\">\n\t\t\t\t\t\t<div class=\"elementor-element elementor-element-ced17f6 elementor-widget elementor-widget-image\" data-id=\"ced17f6\" data-element_type=\"widget\" data-e-type=\"widget\" data-widget_type=\"image.default\">\n\t\t\t\t<div class=\"elementor-widget-container\">\n\t\t\t\t\t\t\t\t\t\t\t\t\t\t\t<img fetchpriority=\"high\" decoding=\"async\" width=\"1024\" height=\"1024\" src=\"https:\/\/www.nikosguitars.com\/wp-content\/uploads\/2024\/12\/final.jpeg\" class=\"attachment-full size-full wp-image-29\" alt=\"\" srcset=\"https:\/\/www.nikosguitars.com\/wp-content\/uploads\/2024\/12\/final.jpeg 1024w, https:\/\/www.nikosguitars.com\/wp-content\/uploads\/2024\/12\/final-300x300.jpeg 300w, https:\/\/www.nikosguitars.com\/wp-content\/uploads\/2024\/12\/final-150x150.jpeg 150w, https:\/\/www.nikosguitars.com\/wp-content\/uploads\/2024\/12\/final-768x768.jpeg 768w\" sizes=\"(max-width: 1024px) 100vw, 1024px\" \/>\t\t\t\t\t\t\t\t\t\t\t\t\t\t\t<\/div>\n\t\t\t\t<\/div>\n\t\t\t\t\t<\/div>\n\t\t<\/div>\n\t\t\t\t\t<\/div>\n\t\t<\/section>\n\t\t\t\t<\/div>","protected":false},"excerpt":{"rendered":"<p>Un simple vendeur de guitares ? Pas chez Niko&#8217;s Guitars&#8230; Des Services Personnalis\u00e9s pour Tous Vos Besoins en Instruments d&#8217;Occasion Chez Niko&#8217;s Guitars, nous mettons un point d&#8217;honneur \u00e0 offrir une exp\u00e9rience d&#8217;achat en ligne unique, o\u00f9 passion et expertise se conjuguent pour satisfaire tous les amateurs de musique. Entrer en contact Vente d&#8217;Instruments d&#8217;Occasion [&hellip;]<\/p>\n","protected":false},"author":1,"featured_media":0,"parent":0,"menu_order":0,"comment_status":"closed","ping_status":"closed","template":"","meta":{"_acf_changed":false,"footnotes":""},"class_list":["post-553","page","type-page","status-publish","hentry"],"acf":[],"yoast_head":"<!-- This site is optimized with the Yoast SEO plugin v27.4 - https:\/\/yoast.com\/product\/yoast-seo-wordpress\/ -->\n<title>Services - Niko&#039;s Guitars<\/title>\n<meta name=\"robots\" content=\"index, follow, max-snippet:-1, max-image-preview:large, max-video-preview:-1\" \/>\n<link rel=\"canonical\" href=\"https:\/\/www.nikosguitars.com\/en\/services\/\" \/>\n<meta property=\"og:locale\" content=\"en_GB\" \/>\n<meta property=\"og:type\" content=\"article\" \/>\n<meta property=\"og:title\" content=\"Services - Niko&#039;s Guitars\" \/>\n<meta property=\"og:description\" content=\"Un simple vendeur de guitares ? Pas chez Niko&#8217;s Guitars&#8230; Des Services Personnalis\u00e9s pour Tous Vos Besoins en Instruments d&#8217;Occasion Chez Niko&#8217;s Guitars, nous mettons un point d&#8217;honneur \u00e0 offrir une exp\u00e9rience d&#8217;achat en ligne unique, o\u00f9 passion et expertise se conjuguent pour satisfaire tous les amateurs de musique. Entrer en contact Vente d&#8217;Instruments d&#8217;Occasion [&hellip;]\" \/>\n<meta property=\"og:url\" content=\"https:\/\/www.nikosguitars.com\/en\/services\/\" \/>\n<meta property=\"og:site_name\" content=\"Niko&#039;s Guitars\" \/>\n<meta property=\"article:publisher\" content=\"https:\/\/www.facebook.com\/NikoSlashFr\" \/>\n<meta property=\"article:modified_time\" content=\"2025-02-25T08:02:01+00:00\" \/>\n<meta property=\"og:image\" content=\"https:\/\/www.nikosguitars.com\/wp-content\/uploads\/2024\/12\/final.jpeg\" \/>\n\t<meta property=\"og:image:width\" content=\"1024\" \/>\n\t<meta property=\"og:image:height\" content=\"1024\" \/>\n\t<meta property=\"og:image:type\" content=\"image\/jpeg\" \/>\n<meta name=\"twitter:card\" content=\"summary_large_image\" \/>\n<meta name=\"twitter:label1\" content=\"Estimated reading time\" \/>\n\t<meta name=\"twitter:data1\" content=\"2 minutes\" \/>\n<script type=\"application\/ld+json\" class=\"yoast-schema-graph\">{\"@context\":\"https:\\\/\\\/schema.org\",\"@graph\":[{\"@type\":\"WebPage\",\"@id\":\"https:\\\/\\\/www.nikosguitars.com\\\/services\\\/\",\"url\":\"https:\\\/\\\/www.nikosguitars.com\\\/services\\\/\",\"name\":\"Services - Niko&#039;s Guitars\",\"isPartOf\":{\"@id\":\"https:\\\/\\\/www.nikosguitars.com\\\/#website\"},\"primaryImageOfPage\":{\"@id\":\"https:\\\/\\\/www.nikosguitars.com\\\/services\\\/#primaryimage\"},\"image\":{\"@id\":\"https:\\\/\\\/www.nikosguitars.com\\\/services\\\/#primaryimage\"},\"thumbnailUrl\":\"https:\\\/\\\/www.nikosguitars.com\\\/wp-content\\\/uploads\\\/2024\\\/12\\\/final.jpeg\",\"datePublished\":\"2025-01-24T09:45:11+00:00\",\"dateModified\":\"2025-02-25T08:02:01+00:00\",\"breadcrumb\":{\"@id\":\"https:\\\/\\\/www.nikosguitars.com\\\/services\\\/#breadcrumb\"},\"inLanguage\":\"en-GB\",\"potentialAction\":[{\"@type\":\"ReadAction\",\"target\":[\"https:\\\/\\\/www.nikosguitars.com\\\/services\\\/\"]}]},{\"@type\":\"ImageObject\",\"inLanguage\":\"en-GB\",\"@id\":\"https:\\\/\\\/www.nikosguitars.com\\\/services\\\/#primaryimage\",\"url\":\"https:\\\/\\\/www.nikosguitars.com\\\/wp-content\\\/uploads\\\/2024\\\/12\\\/final.jpeg\",\"contentUrl\":\"https:\\\/\\\/www.nikosguitars.com\\\/wp-content\\\/uploads\\\/2024\\\/12\\\/final.jpeg\"},{\"@type\":\"BreadcrumbList\",\"@id\":\"https:\\\/\\\/www.nikosguitars.com\\\/services\\\/#breadcrumb\",\"itemListElement\":[{\"@type\":\"ListItem\",\"position\":1,\"name\":\"Accueil\",\"item\":\"https:\\\/\\\/www.nikosguitars.com\\\/\"},{\"@type\":\"ListItem\",\"position\":2,\"name\":\"Services\"}]},{\"@type\":\"WebSite\",\"@id\":\"https:\\\/\\\/www.nikosguitars.com\\\/#website\",\"url\":\"https:\\\/\\\/www.nikosguitars.com\\\/\",\"name\":\"Niko's Guitars\",\"description\":\"Rare &amp; Selected Instruments\",\"publisher\":{\"@id\":\"https:\\\/\\\/www.nikosguitars.com\\\/#organization\"},\"potentialAction\":[{\"@type\":\"SearchAction\",\"target\":{\"@type\":\"EntryPoint\",\"urlTemplate\":\"https:\\\/\\\/www.nikosguitars.com\\\/?s={search_term_string}\"},\"query-input\":{\"@type\":\"PropertyValueSpecification\",\"valueRequired\":true,\"valueName\":\"search_term_string\"}}],\"inLanguage\":\"en-GB\"},{\"@type\":\"Organization\",\"@id\":\"https:\\\/\\\/www.nikosguitars.com\\\/#organization\",\"name\":\"Niko's Guitars\",\"url\":\"https:\\\/\\\/www.nikosguitars.com\\\/\",\"logo\":{\"@type\":\"ImageObject\",\"inLanguage\":\"en-GB\",\"@id\":\"https:\\\/\\\/www.nikosguitars.com\\\/#\\\/schema\\\/logo\\\/image\\\/\",\"url\":\"https:\\\/\\\/www.nikosguitars.com\\\/wp-content\\\/uploads\\\/2024\\\/12\\\/logo-no-guitar.jpeg\",\"contentUrl\":\"https:\\\/\\\/www.nikosguitars.com\\\/wp-content\\\/uploads\\\/2024\\\/12\\\/logo-no-guitar.jpeg\",\"width\":644,\"height\":328,\"caption\":\"Niko's Guitars\"},\"image\":{\"@id\":\"https:\\\/\\\/www.nikosguitars.com\\\/#\\\/schema\\\/logo\\\/image\\\/\"},\"sameAs\":[\"https:\\\/\\\/www.facebook.com\\\/NikoSlashFr\",\"https:\\\/\\\/www.instagram.com\\\/nikoslashofficial\\\/\"]}]}<\/script>\n<!-- \/ Yoast SEO plugin. -->","yoast_head_json":{"title":"Services - Niko&#039;s Guitars","robots":{"index":"index","follow":"follow","max-snippet":"max-snippet:-1","max-image-preview":"max-image-preview:large","max-video-preview":"max-video-preview:-1"},"canonical":"https:\/\/www.nikosguitars.com\/en\/services\/","og_locale":"en_GB","og_type":"article","og_title":"Services - Niko&#039;s Guitars","og_description":"Un simple vendeur de guitares ? Pas chez Niko&#8217;s Guitars&#8230; Des Services Personnalis\u00e9s pour Tous Vos Besoins en Instruments d&#8217;Occasion Chez Niko&#8217;s Guitars, nous mettons un point d&#8217;honneur \u00e0 offrir une exp\u00e9rience d&#8217;achat en ligne unique, o\u00f9 passion et expertise se conjuguent pour satisfaire tous les amateurs de musique. Entrer en contact Vente d&#8217;Instruments d&#8217;Occasion [&hellip;]","og_url":"https:\/\/www.nikosguitars.com\/en\/services\/","og_site_name":"Niko&#039;s Guitars","article_publisher":"https:\/\/www.facebook.com\/NikoSlashFr","article_modified_time":"2025-02-25T08:02:01+00:00","og_image":[{"width":1024,"height":1024,"url":"https:\/\/www.nikosguitars.com\/wp-content\/uploads\/2024\/12\/final.jpeg","type":"image\/jpeg"}],"twitter_card":"summary_large_image","twitter_misc":{"Estimated reading time":"2 minutes"},"schema":{"@context":"https:\/\/schema.org","@graph":[{"@type":"WebPage","@id":"https:\/\/www.nikosguitars.com\/services\/","url":"https:\/\/www.nikosguitars.com\/services\/","name":"Services - Niko&#039;s Guitars","isPartOf":{"@id":"https:\/\/www.nikosguitars.com\/#website"},"primaryImageOfPage":{"@id":"https:\/\/www.nikosguitars.com\/services\/#primaryimage"},"image":{"@id":"https:\/\/www.nikosguitars.com\/services\/#primaryimage"},"thumbnailUrl":"https:\/\/www.nikosguitars.com\/wp-content\/uploads\/2024\/12\/final.jpeg","datePublished":"2025-01-24T09:45:11+00:00","dateModified":"2025-02-25T08:02:01+00:00","breadcrumb":{"@id":"https:\/\/www.nikosguitars.com\/services\/#breadcrumb"},"inLanguage":"en-GB","potentialAction":[{"@type":"ReadAction","target":["https:\/\/www.nikosguitars.com\/services\/"]}]},{"@type":"ImageObject","inLanguage":"en-GB","@id":"https:\/\/www.nikosguitars.com\/services\/#primaryimage","url":"https:\/\/www.nikosguitars.com\/wp-content\/uploads\/2024\/12\/final.jpeg","contentUrl":"https:\/\/www.nikosguitars.com\/wp-content\/uploads\/2024\/12\/final.jpeg"},{"@type":"BreadcrumbList","@id":"https:\/\/www.nikosguitars.com\/services\/#breadcrumb","itemListElement":[{"@type":"ListItem","position":1,"name":"Accueil","item":"https:\/\/www.nikosguitars.com\/"},{"@type":"ListItem","position":2,"name":"Services"}]},{"@type":"WebSite","@id":"https:\/\/www.nikosguitars.com\/#website","url":"https:\/\/www.nikosguitars.com\/","name":"Niko's Guitars","description":"Rare &amp; Selected Instruments","publisher":{"@id":"https:\/\/www.nikosguitars.com\/#organization"},"potentialAction":[{"@type":"SearchAction","target":{"@type":"EntryPoint","urlTemplate":"https:\/\/www.nikosguitars.com\/?s={search_term_string}"},"query-input":{"@type":"PropertyValueSpecification","valueRequired":true,"valueName":"search_term_string"}}],"inLanguage":"en-GB"},{"@type":"Organization","@id":"https:\/\/www.nikosguitars.com\/#organization","name":"Niko's Guitars","url":"https:\/\/www.nikosguitars.com\/","logo":{"@type":"ImageObject","inLanguage":"en-GB","@id":"https:\/\/www.nikosguitars.com\/#\/schema\/logo\/image\/","url":"https:\/\/www.nikosguitars.com\/wp-content\/uploads\/2024\/12\/logo-no-guitar.jpeg","contentUrl":"https:\/\/www.nikosguitars.com\/wp-content\/uploads\/2024\/12\/logo-no-guitar.jpeg","width":644,"height":328,"caption":"Niko's Guitars"},"image":{"@id":"https:\/\/www.nikosguitars.com\/#\/schema\/logo\/image\/"},"sameAs":["https:\/\/www.facebook.com\/NikoSlashFr","https:\/\/www.instagram.com\/nikoslashofficial\/"]}]}},"jetpack_sharing_enabled":true,"_links":{"self":[{"href":"https:\/\/www.nikosguitars.com\/en\/wp-json\/wp\/v2\/pages\/553","targetHints":{"allow":["GET"]}}],"collection":[{"href":"https:\/\/www.nikosguitars.com\/en\/wp-json\/wp\/v2\/pages"}],"about":[{"href":"https:\/\/www.nikosguitars.com\/en\/wp-json\/wp\/v2\/types\/page"}],"author":[{"embeddable":true,"href":"https:\/\/www.nikosguitars.com\/en\/wp-json\/wp\/v2\/users\/1"}],"replies":[{"embeddable":true,"href":"https:\/\/www.nikosguitars.com\/en\/wp-json\/wp\/v2\/comments?post=553"}],"version-history":[{"count":22,"href":"https:\/\/www.nikosguitars.com\/en\/wp-json\/wp\/v2\/pages\/553\/revisions"}],"predecessor-version":[{"id":1168,"href":"https:\/\/www.nikosguitars.com\/en\/wp-json\/wp\/v2\/pages\/553\/revisions\/1168"}],"wp:attachment":[{"href":"https:\/\/www.nikosguitars.com\/en\/wp-json\/wp\/v2\/media?parent=553"}],"curies":[{"name":"wp","href":"https:\/\/api.w.org\/{rel}","templated":true}]}}